{"id":476,"date":"2015-09-10T17:14:49","date_gmt":"2015-09-10T15:14:49","guid":{"rendered":"http:\/\/www.hortech.it\/de\/assistenza\/"},"modified":"2016-02-09T15:35:39","modified_gmt":"2016-02-09T14:35:39","slug":"unterstuetzung","status":"publish","type":"page","link":"https:\/\/www.hortech.it\/de\/unterstuetzung\/","title":{"rendered":"Kundendienst"},"content":{"rendered":"<p>F\u00fcr uns von Hortech steht die Zufriedenheit unserer Kunden an erster Stelle. Deshalb gew\u00e4hrleisten wir auch einen effizienten technischen Kundendienst in allen L\u00e4ndern der Welt. Unser Kundendienst liefert Ihnen in k\u00fcrzester Zeit alle notwendigen Informationen zum Betrieb der Maschinen und l\u00f6st alle eventuell damit verbundenen Probleme.<\/p>\n","protected":false},"excerpt":{"rendered":"<p>F\u00fcr uns von Hortech steht die Zufriedenheit unserer Kunden an erster Stelle. Deshalb gew\u00e4hrleisten wir auch einen effizienten technischen Kundendienst in allen L\u00e4ndern der Welt. Unser Kundendienst liefert Ihnen in k\u00fcrzester Zeit alle notwendigen Informationen zum Betrieb der Maschinen und l\u00f6st alle eventuell damit verbundenen Probleme.<\/p>\n","protected":false},"author":3,"featured_media":0,"parent":0,"menu_order":307,"comment_status":"closed","ping_status":"closed","template":"","meta":{"_acf_changed":false,"footnotes":""},"class_list":["post-476","page","type-page","status-publish","hentry"],"acf":[],"_links":{"self":[{"href":"https:\/\/www.hortech.it\/de\/wp-json\/wp\/v2\/pages\/476","targetHints":{"allow":["GET"]}}],"collection":[{"href":"https:\/\/www.hortech.it\/de\/wp-json\/wp\/v2\/pages"}],"about":[{"href":"https:\/\/www.hortech.it\/de\/wp-json\/wp\/v2\/types\/page"}],"author":[{"embeddable":true,"href":"https:\/\/www.hortech.it\/de\/wp-json\/wp\/v2\/users\/3"}],"replies":[{"embeddable":true,"href":"https:\/\/www.hortech.it\/de\/wp-json\/wp\/v2\/comments?post=476"}],"version-history":[{"count":4,"href":"https:\/\/www.hortech.it\/de\/wp-json\/wp\/v2\/pages\/476\/revisions"}],"predecessor-version":[{"id":6206,"href":"https:\/\/www.hortech.it\/de\/wp-json\/wp\/v2\/pages\/476\/revisions\/6206"}],"wp:attachment":[{"href":"https:\/\/www.hortech.it\/de\/wp-json\/wp\/v2\/media?parent=476"}],"curies":[{"name":"wp","href":"https:\/\/api.w.org\/{rel}","templated":true}]}}