{"id":478,"date":"2015-09-10T17:14:49","date_gmt":"2015-09-10T15:14:49","guid":{"rendered":"http:\/\/www.hortech.it\/es\/assistenza\/"},"modified":"2016-02-09T10:24:48","modified_gmt":"2016-02-09T09:24:48","slug":"asistencia","status":"publish","type":"page","link":"https:\/\/www.hortech.it\/es\/asistencia\/","title":{"rendered":"Servicio de Asistencia"},"content":{"rendered":"<p>Para <strong>Hortech<\/strong> la satisfacci\u00f3n del cliente es esencial. Es por eso que garantizamos un servicio de asistencia t\u00e9cnica eficiente en todos los pa\u00edses del mundo. Nuestro servicio posventa suministra en plazos breves la informaci\u00f3n requerida acerca del funcionamiento y resuelve los problemas sobre los productos para horticultura de Hortech.<\/p>\n","protected":false},"excerpt":{"rendered":"<p>Para Hortech la satisfacci\u00f3n del cliente es esencial. Es por eso que garantizamos un servicio de asistencia t\u00e9cnica eficiente en todos los pa\u00edses del mundo. Nuestro servicio posventa suministra en plazos breves la informaci\u00f3n requerida acerca del funcionamiento y resuelve los problemas sobre los productos para horticultura de Hortech.<\/p>\n","protected":false},"author":3,"featured_media":0,"parent":0,"menu_order":309,"comment_status":"closed","ping_status":"closed","template":"","meta":{"_acf_changed":false,"footnotes":""},"class_list":["post-478","page","type-page","status-publish","hentry"],"acf":[],"_links":{"self":[{"href":"https:\/\/www.hortech.it\/es\/wp-json\/wp\/v2\/pages\/478","targetHints":{"allow":["GET"]}}],"collection":[{"href":"https:\/\/www.hortech.it\/es\/wp-json\/wp\/v2\/pages"}],"about":[{"href":"https:\/\/www.hortech.it\/es\/wp-json\/wp\/v2\/types\/page"}],"author":[{"embeddable":true,"href":"https:\/\/www.hortech.it\/es\/wp-json\/wp\/v2\/users\/3"}],"replies":[{"embeddable":true,"href":"https:\/\/www.hortech.it\/es\/wp-json\/wp\/v2\/comments?post=478"}],"version-history":[{"count":4,"href":"https:\/\/www.hortech.it\/es\/wp-json\/wp\/v2\/pages\/478\/revisions"}],"predecessor-version":[{"id":6192,"href":"https:\/\/www.hortech.it\/es\/wp-json\/wp\/v2\/pages\/478\/revisions\/6192"}],"wp:attachment":[{"href":"https:\/\/www.hortech.it\/es\/wp-json\/wp\/v2\/media?parent=478"}],"curies":[{"name":"wp","href":"https:\/\/api.w.org\/{rel}","templated":true}]}}