{"id":475,"date":"2015-09-10T17:14:49","date_gmt":"2015-09-10T15:14:49","guid":{"rendered":"http:\/\/www.hortech.it\/fr\/assistenza\/"},"modified":"2016-02-08T18:04:00","modified_gmt":"2016-02-08T17:04:00","slug":"assistance","status":"publish","type":"page","link":"https:\/\/www.hortech.it\/fr\/assistance\/","title":{"rendered":"Assistance"},"content":{"rendered":"<p>Pour nous, chez <strong>Hortech<\/strong>, la satisfaction du client est primordiale. C\u2019est pour cela que nous garantissons un <strong>service d\u2019assistance technique efficace<\/strong> dans tous les pays du monde. Notre service apr\u00e8s-vente fournit dans des d\u00e9lais rapides les informations relatives au fonctionnement et r\u00e9sout les \u00e9ventuels probl\u00e8mes li\u00e9s aux <a href=\"https:\/\/www.hortech.it\/fr\/produits\/\"><strong>produits pour l\u2019horticulture<\/strong><\/a> de Hortech.<\/p>\n","protected":false},"excerpt":{"rendered":"<p>Pour nous, chez Hortech, la satisfaction du client est primordiale. C\u2019est pour cela que nous garantissons un service d\u2019assistance technique efficace dans tous les pays du monde. Notre service apr\u00e8s-vente fournit dans des d\u00e9lais rapides les informations relatives au fonctionnement et r\u00e9sout les \u00e9ventuels probl\u00e8mes li\u00e9s aux produits pour l\u2019horticulture de Hortech.<\/p>\n","protected":false},"author":3,"featured_media":0,"parent":0,"menu_order":306,"comment_status":"closed","ping_status":"closed","template":"","meta":{"_acf_changed":false,"footnotes":""},"class_list":["post-475","page","type-page","status-publish","hentry"],"acf":[],"_links":{"self":[{"href":"https:\/\/www.hortech.it\/fr\/wp-json\/wp\/v2\/pages\/475","targetHints":{"allow":["GET"]}}],"collection":[{"href":"https:\/\/www.hortech.it\/fr\/wp-json\/wp\/v2\/pages"}],"about":[{"href":"https:\/\/www.hortech.it\/fr\/wp-json\/wp\/v2\/types\/page"}],"author":[{"embeddable":true,"href":"https:\/\/www.hortech.it\/fr\/wp-json\/wp\/v2\/users\/3"}],"replies":[{"embeddable":true,"href":"https:\/\/www.hortech.it\/fr\/wp-json\/wp\/v2\/comments?post=475"}],"version-history":[{"count":5,"href":"https:\/\/www.hortech.it\/fr\/wp-json\/wp\/v2\/pages\/475\/revisions"}],"predecessor-version":[{"id":6185,"href":"https:\/\/www.hortech.it\/fr\/wp-json\/wp\/v2\/pages\/475\/revisions\/6185"}],"wp:attachment":[{"href":"https:\/\/www.hortech.it\/fr\/wp-json\/wp\/v2\/media?parent=475"}],"curies":[{"name":"wp","href":"https:\/\/api.w.org\/{rel}","templated":true}]}}